{"id":3,"date":"2021-10-19T12:59:55","date_gmt":"2021-10-19T10:59:55","guid":{"rendered":"http:\/\/hiakesto.pl\/?page_id=3"},"modified":"2021-10-20T16:14:00","modified_gmt":"2021-10-20T14:14:00","slug":"polityka-prywatnosci","status":"publish","type":"page","link":"http:\/\/hiakesto.pl\/index.php\/polityka-prywatnosci\/","title":{"rendered":"Polityka prywatno\u015bci"},"content":{"rendered":"<p align=\"center\">\n<p><em>Wobec zawarcia przez NCBR Investment Fund ASI Sp\u00f3\u0142ka Akcyjna z siedzib\u0105 w Warszawie oraz Holding Inwestycyjny\u00a0 Akesto Sp\u00f3\u0142ka z ograniczon\u0105 odpowiedzialno\u015bci\u0105 z siedzib\u0105 w Warszawie, Umowy ramowej o Wsp\u00f3\u0142pracy z dnia 20 pa\u017adziernika 2021 roku zgodnie z kt\u00f3r\u0105 Strony b\u0119d\u0105 dokonywa\u0142y ko-inwestycji w Sp\u00f3\u0142ki Portfelowe zgodnie z podzia\u0142em roli NIF ASI S.A jako ko-inwestora pasywnego i Funduszu Partnerskiego, kt\u00f3ry b\u0119dzie ko-inwestorem aktywnym, podmioty te s\u0105 wsp\u00f3\u0142administratorami danych osobowych gromadzonych i przetwarzanych w celu realizacji ww. Umowy.<br \/>\n<\/em><\/p>\n<h2>I. DEFINICJE<\/h2>\n<p>1. <strong>Administrator:<\/strong><\/p>\n<p>1) Holding Inwestycyjny Akesto sp\u00f3\u0142ka z ograniczon\u0105 odpowiedzialno\u015bci\u0105 z siedzib\u0105 w Warszawie (adres: Aleje\u00a0 Jerozolimskie 176, 02-486 Warszawa) wpisana do rejestru przedsi\u0119biorc\u00f3w Krajowego Rejestru S\u0105dowego<br \/>\nprowadzonego przez S\u0105d Rejonowy dla m. st. Warszawy, XIII Wydzia\u0142 Gospodarczy Krajowego Rejestru S\u0105dowego, pod numerem KRS 0000492117, posiadaj\u0105ca nast\u0119puj\u0105cy NIP: 5223011859, o kapitale zak\u0142adowym w wysoko\u015bci<br \/>\n412.605.000 z\u0142otych (dalej &#8220;<strong>Administrator Wykonawczy<\/strong>&#8220;)<\/p>\n<p>oraz<\/p>\n<p>2) NCBR Investment Fund ASI sp\u00f3\u0142ka akcyjna z siedzib\u0105 w Warszawie (adres: ul. Nowogrodzka 47A, 00-695 Warszawa), wpisana do rejestru przedsi\u0119biorc\u00f3w Krajowego Rejestru S\u0105dowego prowadzonego przez S\u0105d Rejonowy dla m.st.<br \/>\nWarszawy w Warszawie, XII Wydzia\u0142 Gospodarczy Krajowego Rejestru S\u0105dowego, pod numerem KRS 0000793596, posiadaj\u0105ca nast\u0119puj\u0105cy NIP: 7010935138, o kapitale zak\u0142adowym w wysoko\u015bci 25.000.000,00 z\u0142otych (op\u0142aconym w ca\u0142o\u015bci) (dalej \u201e<strong>Wsp\u00f3\u0142administrator<\/strong>\u201d),<\/p>\n<p>zwani dalej \u0142\u0105cznie \u201e<strong>Wsp\u00f3\u0142administratorami<\/strong>\u201d, dzia\u0142aj\u0105cy na podstawie porozumienia o wsp\u00f3\u0142administrowaniu danymi osobowymi<\/p>\n<p>2. <strong>Dane osobowe<\/strong> \u2013 wszelkie informacje o osobie fizycznej zidentyfikowanej lub mo\u017cliwej do zidentyfikowania poprzez jeden b\u0105d\u017a kilka szczeg\u00f3lnych czynnik\u00f3w, w tym dane kontaktowe i dane zawarte w korespondencji.<\/p>\n<p>3. <strong>Polityka<\/strong> \u2013 niniejsza Polityka prywatno\u015bci.<\/p>\n<p>4. <strong>RODO<\/strong> \u2013 Rozporz\u0105dzenie Parlamentu Europejskiego i Rady (UE) 2016\/679 z dnia 27 kwietnia 2016 r. w sprawie ochrony os\u00f3b fizycznych w zwi\u0105zku z przetwarzaniem danych osobowych i w sprawie swobodnego przep\u0142ywu takich danych oraz uchylenia dyrektywy 95\/46\/WE.<\/p>\n<p>5. <strong>Podmiot danych<\/strong> &#8211; osoba fizyczna, kt\u00f3rej dotycz\u0105 dane osobowe przetwarzane przez Administratora, np. osoba kieruj\u0105ca do Administratora zapytanie w formie e-maila lub przesy\u0142aj\u0105ca do Administratora formularz.<\/p>\n<h2>II. WSP\u00d3LNE UZGODNIENIA MI\u0118DZY WSP\u00d3\u0141ADMINISTRATORAMI<\/h2>\n<p>1. Wsp\u00f3\u0142administratorzy przetwarzaj\u0105 Dane osobowe na podstawie porozumienia o wsp\u00f3\u0142administrowaniu Danymi osobowymi.<\/p>\n<p>2. Wyci\u0105g istotnych dla Pa\u0144stwa postanowie\u0144 porozumienia o wsp\u00f3\u0142administrowaniu Danymi osobowymi jest dost\u0119pny na \u017cyczenie. W tym miejscu wskazujemy, \u017ce:<\/p>\n<p>1) za wykonanie obowi\u0105zku informacyjnego wobec Pa\u0144stwa odpowiedzialny jest Administrator Wykonawczy;<\/p>\n<p>2) za odpowiadanie na Pa\u0144stwa zapytania i realizacj\u0119 Pa\u0144stwa praw odpowiedzialny jest Administrator Wykonawczy,<\/p>\n<p>3) ka\u017cdy ze Wsp\u00f3\u0142administrator\u00f3w powo\u0142a\u0142 Inspektora Ochrony Danych Osobowych z kt\u00f3rym mo\u017cna si\u0119 skontaktowa\u0107:<\/p>\n<p>a) Administrator Wykonawcy \u2013 adres e-mail: <a href=\"mailto:umowanif@hiakesto.pl\">umowanif@hiakesto.pl<\/a> lub adres korespondencyjny wskazany w ust. 1 pkt 1 Polityki,<\/p>\n<p>b) Wsp\u00f3\u0142administrator \u2013 adres e-mail: <a href=\"mailto:iod@nifasi.pl\">iod@nifasi.pl<\/a> lub adres korespondencyjny wskazany w ust. 1 pkt 2 Polityki.<\/p>\n<p>4) wobec przys\u0142uguj\u0105cych Pa\u0144stwu uprawnie\u0144 podmiotu danych m.in. prawa dost\u0119pu do danych, ich sprostowania, usuni\u0119cia lub ograniczenia przetwarzania oraz o prawo do wniesienia sprzeciwu wobec przetwarzania, wszelkie wnioski i zapytania mo\u017cna kierowa\u0107 do ka\u017cdego Wsp\u00f3\u0142administratora niezale\u017cnie \u2013 jednocze\u015bnie zwracamy uwag\u0119, aby:<\/p>\n<p>a) do Administratora Wykonawczego kierowa\u0107 zapytania zwi\u0105zane z przygotowaniem, bie\u017c\u0105c\u0105 realizacj\u0105 i nadzorem nad wykonywaniem umowy inwestycyjnej<\/p>\n<p>b) do Wsp\u00f3\u0142administratora kierowa\u0107 zapytania zwi\u0105zane z ocen\u0105 ofert ko-inwestycyjnych w Etapie I i II.<\/p>\n<p>3. Ka\u017cdy z Wsp\u00f3\u0142administrator\u00f3w dok\u0142ada nale\u017cytej staranno\u015bci, aby zapewni\u0107 bezpiecze\u0144stwo przetwarzania Pa\u0144stwa danych i do ka\u017cdego z nich mo\u017cna zwr\u00f3ci\u0107 si\u0119 ze wszelkimi pytaniami.<\/p>\n<h2>III. PRZETWARZANIE DANYCH PRZEZ WSP\u00d3\u0141ADMINISTRATOR\u00d3W<\/h2>\n<p>1. W zwi\u0105zku z prowadzon\u0105 dzia\u0142alno\u015bci\u0105 gospodarcz\u0105 Wsp\u00f3\u0142administratorzy zbieraj\u0105 i przetwarzaj\u0105 Dane osobowe zgodnie z w\u0142a\u015bciwymi przepisami, w tym w szczeg\u00f3lno\u015bci z RODO, i przewidzianymi w nich zasadami przetwarzania<br \/>\ndanych.<\/p>\n<p>2. Ka\u017cdy ze Wsp\u00f3\u0142administrator\u00f3w:<\/p>\n<p>1) zapewnia przejrzysto\u015b\u0107 przetwarzania danych;<\/p>\n<p>2) informuje o przetwarzaniu danych w momencie ich zbierania, w szczeg\u00f3lno\u015bci o celu i podstawie prawnej przetwarzania danych osobowych, chyba \u017ce na podstawie odr\u0119bnych przepis\u00f3w nie jest do tego zobowi\u0105zany;<\/p>\n<p>3) dba o to, by dane by\u0142y zbierane tylko w zakresie niezb\u0119dnym do wskazanego celu i przetwarzane by\u0142y tylko przez okres, w jakim jest to niezb\u0119dne.<\/p>\n<p>3. Przetwarzaj\u0105c dane, Wsp\u00f3\u0142administrator zapewnia ich bezpiecze\u0144stwo i poufno\u015b\u0107 oraz dost\u0119p do informacji o przetwarzaniu Podmiotom danych. Gdyby pomimo stosowanych \u015brodk\u00f3w bezpiecze\u0144stwa dosz\u0142o do naruszenia ochrony danych osobowych (np. \u201ewycieku\u201d danych lub ich utraty) i takie naruszenie mog\u0142oby powodowa\u0107 wysokie ryzyko naruszenia praw lub wolno\u015bci Podmiot\u00f3w danych, Administrator Wykonawczy poinformuje o takim zdarzeniu Podmioty danych w spos\u00f3b zgodny z przepisami.<\/p>\n<h2>IV. BEZPIECZE\u0143STWO DANYCH OSOBOWYCH<\/h2>\n<p>1. W celu zapewnienia integralno\u015bci i poufno\u015bci danych ka\u017cdy ze Wsp\u00f3\u0142administrator\u00f3w wdro\u017cy\u0142 procedury umo\u017cliwiaj\u0105ce dost\u0119p do danych osobowych jedynie osobom upowa\u017cnionym i wy\u0142\u0105cznie w zakresie, w jakim jest<br \/>\nto niezb\u0119dne ze wzgl\u0119du na wykonywane przez nie zadania.<\/p>\n<p>2. Wsp\u00f3\u0142administratorzy stosuj\u0105 rozwi\u0105zania organizacyjne i techniczne w celu zapewnienia, \u017ce wszystkie operacje na Danych osobowych s\u0105 rejestrowane i dokonywane tylko przez osoby uprawnione.<\/p>\n<p>3. Wsp\u00f3\u0142administrator podejmuje niezb\u0119dne dzia\u0142ania, by tak\u017ce jego podwykonawcy i inne podmioty wsp\u00f3\u0142pracuj\u0105ce dawa\u0142y gwarancj\u0119 stosowania odpowiednich \u015brodk\u00f3w bezpiecze\u0144stwa w ka\u017cdym przypadku, gdy przetwarzaj\u0105 Dane osobowe na zlecenie Wsp\u00f3\u0142administratora.<\/p>\n<p>4. Wsp\u00f3\u0142administrator prowadzi na bie\u017c\u0105co analiz\u0119 ryzyka i monitoruje adekwatno\u015b\u0107 stosowanych zabezpiecze\u0144 danych do identyfikowanych zagro\u017ce\u0144. W razie konieczno\u015bci Wsp\u00f3\u0142administrator wdra\u017ca dodatkowe \u015brodki s\u0142u\u017c\u0105ce<br \/>\nzwi\u0119kszeniu bezpiecze\u0144stwa danych.<\/p>\n<h2>V. CELE ORAZ PODSTAWY PRAWNE PRZETWARZANIA<\/h2>\n<h3>1. KORESPONDENCJA E-MAILOWA I TRADYCYJNA<\/h3>\n<p>1) W przypadku kierowania do Wsp\u00f3\u0142administrowania za po\u015brednictwem poczty e-mail lub tradycyjnej korespondencji niezwi\u0105zanej ze wsp\u00f3\u0142prac\u0105 pomi\u0119dzy Wsp\u00f3\u0142administratorem a nadawc\u0105, dane osobowe zawarte w tej korespondencji<br \/>\ns\u0105 przetwarzane wy\u0142\u0105cznie w celu komunikacji i rozwi\u0105zania sprawy, kt\u00f3rej dotyczy korespondencja.<\/p>\n<p>2) Podstaw\u0105 prawn\u0105 przetwarzania jest prawnie uzasadniony interes Wsp\u00f3\u0142administratora (art. 6 ust. 1 lit. f RODO) polegaj\u0105cy na prowadzeniu korespondencji kierowanej do niego w zwi\u0105zku z jego dzia\u0142alno\u015bci\u0105 gospodarcz\u0105.<\/p>\n<p>3) Wsp\u00f3\u0142administrator przetwarza jedynie Dane osobowe istotne dla sprawy, kt\u00f3rej dotyczy korespondencja. Ca\u0142o\u015b\u0107 korespondencji jest przechowywana w spos\u00f3b zapewniaj\u0105cy bezpiecze\u0144stwo zawartych w niej danych osobowych (oraz<br \/>\ninnych informacji) i ujawniana jedynie osobom upowa\u017cnionym.<\/p>\n<h3>2. KONTAKT TELEFONICZNY<\/h3>\n<p>W przypadku kontaktowania si\u0119 z Administratorem Wykonawczym drog\u0105 telefoniczn\u0105, w sprawach niezwi\u0105zanych z zawart\u0105 umow\u0105 lub \u015bwiadczonymi us\u0142ugami, Administrator Wykonawczy mo\u017ce \u017c\u0105da\u0107 podania Danych osobowych<br \/>\ntylko w\u00f3wczas, gdy b\u0119dzie to niezb\u0119dne do obs\u0142ugi sprawy, kt\u00f3rej dotyczy kontakt. Podstaw\u0105 prawn\u0105 jest w takim wypadku prawnie uzasadniony interes Administratora Wykonawczego (art. 6 ust. 1 lit. f RODO) polegaj\u0105cy na<br \/>\nkonieczno\u015bci rozwi\u0105zania zg\u0142oszonej sprawy zwi\u0105zanej z prowadzon\u0105 przez niego dzia\u0142alno\u015bci\u0105 gospodarcz\u0105.<\/p>\n<h3><strong>3. <\/strong><strong>DOCHODZENIE ROSZCZE\u0143<\/strong><\/h3>\n<p>1) W celu ustalenia, dochodzenia oraz egzekucji ewentualnych roszcze\u0144 Wsp\u00f3\u0142administratora, Wsp\u00f3\u0142administrator mo\u017ce przetwarza\u0107 niekt\u00f3re dane osobowe podane przez Ciebie, takie jak: imi\u0119, nazwisko, adres e-mail lub nr telefonu, je\u017celi jest to niezb\u0119dne do udowodnienia istnienia roszczenia, w tym rozmiar\u00f3w poniesionej szkody.<\/p>\n<p>2) Podstawa prawn\u0105 przetwarzani danych jest prawnie uzasadniony interes Wsp\u00f3\u0142administratora (art. 6 ust. 1 lit. f RODO), polegaj\u0105cy na ustaleniu, dochodzeniu i egzekucji roszcze\u0144 oraz na obronie przed roszczeniami w post\u0119powaniu przed s\u0105dami i innymi organami pa\u0144stwowymi.<\/p>\n<h2>VI. ODBIORCY DANYCH<\/h2>\n<p>1) W zwi\u0105zku z prowadzeniem dzia\u0142alno\u015bci wymagaj\u0105cej przetwarzania danych osobowych, dane osobowe mog\u0105 by\u0107 ujawniane zewn\u0119trznym podmiotom, w tym w szczeg\u00f3lno\u015bci:<\/p>\n<p>a) dostawcom odpowiedzialnym za obs\u0142ug\u0119 system\u00f3w informatycznych i sprz\u0119tu;<\/p>\n<p>b) operatorom pocztowym i kurierom;<\/p>\n<p>c) agencjom marketingowym;<\/p>\n<p>d) Komisji Nadzoru Finansowego;<\/p>\n<p>e) Generalnemu Inspektorowi Informacji Finansowej;<\/p>\n<p>f) audytorom i bieg\u0142ym rewidentom, doradcom prawnym i podatkowym.<\/p>\n<p>2) Wsp\u00f3\u0142administrator zastrzega sobie prawo ujawnienia wybranych informacji dotycz\u0105cych Podmiotu danych w\u0142a\u015bciwym organom b\u0105d\u017a osobom trzecim, kt\u00f3re zg\u0142osz\u0105 \u017c\u0105danie udzielenia takich informacji, opieraj\u0105c si\u0119 na odpowiedniej podstawie prawnej oraz zgodnie z przepisami obowi\u0105zuj\u0105cego prawa.<\/p>\n<h2>VII. PRZEKAZYWANIE DANYCH POZA EOG<\/h2>\n<p>Administrator nie przekazuje Danych osobowych poza teren Europejskiego Obszaru Gospodarczego,<\/p>\n<h2>VIII. OKRES PRZETWARZANIA DANYCH OSOBOWYCH<\/h2>\n<p>1) Okres przetwarzania danych przez Wsp\u00f3\u0142administratora zale\u017cy od rodzaju \u015bwiadczonej us\u0142ugi i celu przetwarzania. Okres przetwarzania danych mo\u017ce tak\u017ce wynika\u0107 z przepis\u00f3w, gdy stanowi\u0105 one podstaw\u0119 przetwarzania. W przypadku przetwarzania danych na podstawie uzasadnionego interesu Wsp\u00f3\u0142administratora &#8211; np. ze wzgl\u0119d\u00f3w bezpiecze\u0144stwa &#8211; dane przetwarzane s\u0105 przez okres umo\u017cliwiaj\u0105cy realizacj\u0119 tego interesu lub do zg\u0142oszenia skutecznego sprzeciwu wzgl\u0119dem przetwarzania danych. Je\u015bli przetwarzanie odbywa si\u0119 na podstawie zgody, dane przetwarzane s\u0105 do jej wycofania. Gdy podstaw\u0119 przetwarzania stanowi niezb\u0119dno\u015b\u0107 do zawarcia i wykonania umowy, dane s\u0105 przetwarzane do momentu jej rozwi\u0105zania.<\/p>\n<p>2) Okres przetwarzania danych mo\u017ce by\u0107 przed\u0142u\u017cony w przypadku, gdy przetwarzanie jest niezb\u0119dne do ustalenia lub dochodzenia roszcze\u0144 lub obrony przed roszczeniami, a po tym okresie &#8211; jedynie w przypadku i w zakresie, w jakim b\u0119d\u0105 wymaga\u0107 tego przepisy prawa. Po up\u0142ywie okresu przetwarzania dane s\u0105 nieodwracalnie usuwane lub anonimizowane.<\/p>\n<h2>IX. PRAWA PODMIOT\u00d3W DANYCH<\/h2>\n<p>Podmiotom danych przys\u0142uguj\u0105 nast\u0119puj\u0105ce prawa:<\/p>\n<p>1) <strong>prawo do informacji o przetwarzaniu danych osobowych<\/strong> \u2013 na tej podstawie Administrator Wykonawczy przekazuje osobie fizycznej zg\u0142aszaj\u0105cej \u017c\u0105danie informacj\u0119 o przetwarzaniu danych, w tym przede wszystkim o celach i podstawach prawnych przetwarzania, zakresie posiadanych danych, podmiotach, kt\u00f3rym s\u0105 ujawniane, i planowanym terminie usuni\u0119cia danych.<\/p>\n<p>2) <strong>prawo uzyskania kopii danych<\/strong> \u2013 na tej podstawie Administrator Wykonawczy przekazuje kopi\u0119 przetwarzanych\u00a0 danych dotycz\u0105cych osoby fizycznej zg\u0142aszaj\u0105cej \u017c\u0105danie.<\/p>\n<p>3) <strong>prawo do sprostowania<\/strong> \u2013 Administrator Wykonawczy zobowi\u0105zany jest usuwa\u0107 ewentualne niezgodno\u015bci lub b\u0142\u0119dy przetwarzanych Danych osobowych oraz uzupe\u0142nia\u0107 je, je\u015bli s\u0105 niekompletne;<\/p>\n<p>4) <strong>prawo do usuni\u0119cia danych<\/strong> \u2013 na tej podstawie mo\u017cna \u017c\u0105da\u0107 usuni\u0119cia danych, kt\u00f3rych przetwarzanie nie jest ju\u017c niezb\u0119dne do realizowania \u017cadnego z cel\u00f3w, dla kt\u00f3rych zosta\u0142y zebrane;<\/p>\n<p>5) <strong>prawo do ograniczenia przetwarzania<\/strong> \u2013 w razie zg\u0142oszenia takiego \u017c\u0105dania Wsp\u00f3\u0142administratorzy zaprzestaj\u0105 wykonywania operacji na Danych osobowych \u2013 z wyj\u0105tkiem operacji, na kt\u00f3re wyrazi\u0142 zgod\u0119 Podmiot danych \u2013 oraz ich przechowywania, zgodnie z przyj\u0119tymi zasadami retencji lub dop\u00f3ki nie ustan\u0105 przyczyny ograniczenia przetwarzania danych (np. zostanie wydana decyzja organu nadzorczego zezwalaj\u0105ca na dalsze przetwarzanie danych).<\/p>\n<p>6) <strong>prawo do przenoszenia danych<\/strong> \u2013 na tej podstawie \u2013 w zakresie, w jakim dane s\u0105 przetwarzane w spos\u00f3b zautomatyzowany w zwi\u0105zku z zawart\u0105 umow\u0105 lub wyra\u017con\u0105 zgod\u0105 \u2013 Administrator Wykonawczy wydaje dane<br \/>\ndostarczone przez osob\u0119, kt\u00f3rej one dotycz\u0105, w formacie pozwalaj\u0105cym na odczyt danych przez komputer. Mo\u017cliwe jest tak\u017ce za\u017c\u0105danie przes\u0142ania tych danych innemu podmiotowi, jednak\u017ce pod warunkiem, \u017ce istniej\u0105 w tym zakresie techniczne mo\u017cliwo\u015bci zar\u00f3wno po stronie Administratora Wykonawczego, jak r\u00f3wnie\u017c wskazanego podmiotu;<\/p>\n<p>7) <strong>prawo sprzeciwu wobec przetwarzania danych w celach marketingowych <\/strong>\u2013 Podmiot danych mo\u017ce w ka\u017cdym momencie sprzeciwi\u0107 si\u0119 przetwarzaniu Danych osobowych w celach marketingowych, bez konieczno\u015bci uzasadnienia takiego sprzeciwu;<\/p>\n<p>8) <strong>prawo sprzeciwu wobec innych cel\u00f3w przetwarzania danych <\/strong>\u2013 Podmiot danych mo\u017ce w ka\u017cdym momencie sprzeciwi\u0107 si\u0119 \u2013 z przyczyn zwi\u0105zanych z jego szczeg\u00f3ln\u0105 sytuacj\u0105 \u2013 przetwarzaniu Danych osobowych, kt\u00f3re odbywa si\u0119 na podstawie prawnie uzasadnionego interesu Wsp\u00f3\u0142administratora (np. dla cel\u00f3w analitycznych lub statystycznych albo ze wzgl\u0119d\u00f3w zwi\u0105zanych z ochron\u0105 mienia); sprzeciw w tym zakresie powinien zawiera\u0107 uzasadnienie.<\/p>\n<p>9) <strong>prawo wycofania zgody<\/strong> \u2013 je\u015bli dane przetwarzane s\u0105 na podstawie wyra\u017conej zgody, Podmiot danych ma prawo wycofa\u0107 j\u0105 w dowolnym momencie, co jednak nie wp\u0142ywa na zgodno\u015b\u0107 z prawem przetwarzania dokonanego przed jej wycofaniem;<\/p>\n<p>10) <strong>prawo do skargi<\/strong> \u2013 w przypadku uznania, \u017ce przetwarzanie Danych osobowych narusza przepisy RODO lub inne przepisy dotycz\u0105ce ochrony Danych osobowych, Podmiot danych mo\u017ce z\u0142o\u017cy\u0107 skarg\u0119 do organu nadzoruj\u0105cego przetwarzanie Danych osobowych, w\u0142a\u015bciwego ze wzgl\u0119du na miejsce zwyk\u0142ego pobytu Podmiotu danych, jego miejsce pracy lub miejsce pope\u0142nienia domniemanego naruszenia. W Polsce organem nadzorczym jest Prezes Urz\u0119du Ochrony Danych Osobowych.<\/p>\n<h2>X. ZG\u0141ASZANIE \u017b\u0104DA\u0143 ZWI\u0104ZANYCH Z REALIZACJ\u0104 PRAW<\/h2>\n<p>1. \u017b\u0105danie dotycz\u0105ce realizacji praw Podmiot\u00f3w danych mo\u017cna z\u0142o\u017cy\u0107:<\/p>\n<p>1) w formie pisemnej na adres wskazany w pkt 1 Polityki;<\/p>\n<p>2) drog\u0105 e-mailow\u0105 na adresy Inspektor\u00f3w Ochrony danych, tj.<a href=\"mailto:iod@nifasi.pl\">iod@nifasi.pl<\/a> oraz \u2212 <a href=\"mailto:umowanif@hiakesto.pl\">umowanif@hiakesto.pl<\/a>.<\/p>\n<p>2. Je\u017celi Administrator Wykonawczy nie b\u0119dzie w stanie zidentyfikowa\u0107 osoby fizycznej na podstawie zg\u0142oszonego \u017c\u0105dania, zwr\u00f3ci si\u0119 do wnioskodawcy o dodatkowe informacje. Podanie takich danych nie jest obowi\u0105zkowe, jednak<br \/>\nbrak ich podania b\u0119dzie skutkowa\u0107 odmow\u0105 realizacji \u017c\u0105dania.<\/p>\n<p>3. \u017b\u0105danie mo\u017ce zosta\u0107 zg\u0142oszone osobi\u015bcie lub za po\u015brednictwem pe\u0142nomocnika (np. cz\u0142onka rodziny). Ze wzgl\u0119du na bezpiecze\u0144stwo danych Administrator Wykonawczy zach\u0119ca do pos\u0142ugiwania si\u0119 pe\u0142nomocnictwem w formie po\u015bwiadczonej przez notariusza lub upowa\u017cnionego radc\u0119 prawnego b\u0105d\u017a adwokata, co istotnie przyspieszy\u00a0 weryfikacj\u0119 autentyczno\u015bci \u017c\u0105dania.<\/p>\n<p>4. Odpowied\u017a na zg\u0142oszenie powinna zosta\u0107 udzielona w ci\u0105gu miesi\u0105ca od jego otrzymania. W razie konieczno\u015bci przed\u0142u\u017cenia tego terminu Administrator Wykonawczy informuje wnioskodawc\u0119 o przyczynach tego dzia\u0142ania.<\/p>\n<p>5. W przypadku, w kt\u00f3rym \u017c\u0105danie zosta\u0142o skierowane do Wsp\u00f3\u0142administratora elektronicznie, odpowiedzi udziela si\u0119 w tej samej formie, chyba \u017ce wnioskodawca za\u017c\u0105da\u0142 udzielenia odpowiedzi w innej formie. W innych przypadkach odpowiedzi udziela si\u0119 pisemnie. W przypadku, gdy termin realizacji \u017c\u0105dania uniemo\u017cliwia udzielenie odpowiedzi drog\u0105 pisemn\u0105, a zakres danych wnioskodawcy przetwarzanych przez Wsp\u00f3\u0142administratora umo\u017cliwia kontakt drog\u0105 elektroniczn\u0105, odpowiedzi nale\u017cy udzieli\u0107 drog\u0105 elektroniczn\u0105.<\/p>\n<p>6. Administrator przechowuje informacje dotycz\u0105ce zg\u0142oszonego \u017c\u0105dania oraz osoby, kt\u00f3ra \u017c\u0105danie zg\u0142osi\u0142a, w celu zapewnienia mo\u017cliwo\u015bci wykazania zgodno\u015bci oraz w celu ustalenia, obrony lub dochodzenia ewentualnych roszcze\u0144 podmiot\u00f3w danych.<\/p>\n<h2>XI. PROFILOWANIE<\/h2>\n<p>Wsp\u00f3\u0142administratorzy nie dokonuj\u0105 zautomatyzowanego podejmowania decyzji, w tym profilowania w oparciu o przekazane dane.<\/p>\n<h2>XII. ZMIANY POLITYKI PRYWATNO\u015aCI<\/h2>\n<p align=\"left\">1. Polityka jest na bie\u017c\u0105co weryfikowana i w razie potrzeby aktualizowana.<\/p>\n<p align=\"left\">2. Aktualna wersja Polityki obowi\u0105zuje od 20 pa\u017adziernika 2021 r.<\/p>\n","protected":false},"excerpt":{"rendered":"<p>Wobec zawarcia przez NCBR Investment Fund ASI Sp\u00f3\u0142ka Akcyjna z siedzib\u0105 w Warszawie oraz Holding Inwestycyjny\u00a0 Akesto Sp\u00f3\u0142ka z ograniczon\u0105 odpowiedzialno\u015bci\u0105 z siedzib\u0105 w Warszawie, Umowy ramowej o Wsp\u00f3\u0142pracy z dnia 20 pa\u017adziernika 2021 roku zgodnie z kt\u00f3r\u0105 Strony b\u0119d\u0105 &hellip; <\/p>\n","protected":false},"author":1,"featured_media":0,"parent":0,"menu_order":0,"comment_status":"closed","ping_status":"open","template":"","meta":{"footnotes":""},"class_list":["post-3","page","type-page","status-publish","hentry"],"_links":{"self":[{"href":"http:\/\/hiakesto.pl\/index.php\/wp-json\/wp\/v2\/pages\/3","targetHints":{"allow":["GET"]}}],"collection":[{"href":"http:\/\/hiakesto.pl\/index.php\/wp-json\/wp\/v2\/pages"}],"about":[{"href":"http:\/\/hiakesto.pl\/index.php\/wp-json\/wp\/v2\/types\/page"}],"author":[{"embeddable":true,"href":"http:\/\/hiakesto.pl\/index.php\/wp-json\/wp\/v2\/users\/1"}],"replies":[{"embeddable":true,"href":"http:\/\/hiakesto.pl\/index.php\/wp-json\/wp\/v2\/comments?post=3"}],"version-history":[{"count":6,"href":"http:\/\/hiakesto.pl\/index.php\/wp-json\/wp\/v2\/pages\/3\/revisions"}],"predecessor-version":[{"id":1327,"href":"http:\/\/hiakesto.pl\/index.php\/wp-json\/wp\/v2\/pages\/3\/revisions\/1327"}],"wp:attachment":[{"href":"http:\/\/hiakesto.pl\/index.php\/wp-json\/wp\/v2\/media?parent=3"}],"curies":[{"name":"wp","href":"https:\/\/api.w.org\/{rel}","templated":true}]}}