{"id":2,"date":"2021-10-19T12:59:55","date_gmt":"2021-10-19T10:59:55","guid":{"rendered":"http:\/\/hiakesto.pl\/?page_id=2"},"modified":"2021-10-20T15:22:48","modified_gmt":"2021-10-20T13:22:48","slug":"cookies","status":"publish","type":"page","link":"http:\/\/hiakesto.pl\/index.php\/cookies\/","title":{"rendered":"Polityka plik\u00f3w cookies"},"content":{"rendered":"\n<p id=\"cookies\">Informujemy, \u017ce poruszaj\u0105c si\u0119 po tej stronie wyra\u017casz zgod\u0119 na wykorzystywanie plik\u00f3w cookies.<br>Korzystanie ze strony internetowej bez wykorzystywania mechanizmu cookies jest mo\u017cliwe, ale mo\u017ce powodowa\u0107, \u017ce niekt\u00f3re funkcje lub us\u0142ugi strony nie b\u0119d\u0105 dzia\u0142a\u0107 poprawnie.<\/p>\n\n\n\n<p>Czym s\u0105 pliki cookies?<\/p>\n\n\n\n<p>Pliki cookies (tzw. \u201eciasteczka\u201d) stanowi\u0105 dane informatyczne, w szczeg\u00f3lno\u015bci pliki tekstowe, kt\u00f3re przechowywane s\u0105 w urz\u0105dzeniu, z kt\u00f3rego korzystasz do przegl\u0105dania strony. Cookies zazwyczaj zawieraj\u0105 nazw\u0119 strony internetowej, z kt\u00f3rej pochodz\u0105, czas przechowywania ich na urz\u0105dzeniu oraz unikalny numer.<\/p>\n\n\n\n<p>Do czego wykorzystujemy cookies?<\/p>\n\n\n\n<p>Pliki cookies wykorzystywane s\u0105 w celu rozpoznania urz\u0105dzenia, z kt\u00f3rego korzystasz i odpowiedniego wy\u015bwietlenia strony internetowej. Ponadto u\u017cywamy cookies do tworzenia statystyk, kt\u00f3re pomagaj\u0105 zrozumie\u0107, w jaki spos\u00f3b u\u017cytkownicy serwisu korzystaj\u0105 z naszej strony.<\/p>\n\n\n\n<p>Z jakiego rodzaju plik\u00f3w cookies korzystamy?<\/p>\n\n\n\n<p>Stosujemy dwa rodzaje plik\u00f3w cookies: \u201esesyjne\u201d, kt\u00f3re s\u0105 plikami tymczasowymi, przechowywanymi do czasu opuszczenia strony lub wy\u0142\u0105czenia przegl\u0105darki internetowej, oraz \u201esta\u0142e\u201d, przechowywane przez czas okre\u015blony w parametrach plik\u00f3w cookies lub do czasu ich usuni\u0119cia.<br>Je\u015bli nie zgadzasz si\u0119 na korzystanie z plik\u00f3w cookies, zaznacz w ustawieniach swojej przegl\u0105darki internetowej opcj\u0119 odrzucania plik\u00f3w cookies lub sygnalizowania ich przes\u0142ania.<\/p>\n","protected":false},"excerpt":{"rendered":"<p>Informujemy, \u017ce poruszaj\u0105c si\u0119 po tej stronie wyra\u017casz zgod\u0119 na wykorzystywanie plik\u00f3w cookies.Korzystanie ze strony internetowej bez wykorzystywania mechanizmu cookies jest mo\u017cliwe, ale mo\u017ce powodowa\u0107, \u017ce niekt\u00f3re funkcje lub us\u0142ugi strony nie b\u0119d\u0105 dzia\u0142a\u0107 poprawnie. Czym s\u0105 pliki cookies? Pliki &hellip; <\/p>\n","protected":false},"author":1,"featured_media":0,"parent":0,"menu_order":0,"comment_status":"closed","ping_status":"open","template":"","meta":{"footnotes":""},"class_list":["post-2","page","type-page","status-publish","hentry"],"_links":{"self":[{"href":"http:\/\/hiakesto.pl\/index.php\/wp-json\/wp\/v2\/pages\/2","targetHints":{"allow":["GET"]}}],"collection":[{"href":"http:\/\/hiakesto.pl\/index.php\/wp-json\/wp\/v2\/pages"}],"about":[{"href":"http:\/\/hiakesto.pl\/index.php\/wp-json\/wp\/v2\/types\/page"}],"author":[{"embeddable":true,"href":"http:\/\/hiakesto.pl\/index.php\/wp-json\/wp\/v2\/users\/1"}],"replies":[{"embeddable":true,"href":"http:\/\/hiakesto.pl\/index.php\/wp-json\/wp\/v2\/comments?post=2"}],"version-history":[{"count":1,"href":"http:\/\/hiakesto.pl\/index.php\/wp-json\/wp\/v2\/pages\/2\/revisions"}],"predecessor-version":[{"id":1319,"href":"http:\/\/hiakesto.pl\/index.php\/wp-json\/wp\/v2\/pages\/2\/revisions\/1319"}],"wp:attachment":[{"href":"http:\/\/hiakesto.pl\/index.php\/wp-json\/wp\/v2\/media?parent=2"}],"curies":[{"name":"wp","href":"https:\/\/api.w.org\/{rel}","templated":true}]}}